{"id":465,"date":"2023-07-25T11:17:41","date_gmt":"2023-07-25T11:17:41","guid":{"rendered":"https:\/?page_id=465"},"modified":"2023-07-25T12:05:13","modified_gmt":"2023-07-25T12:05:13","slug":"brinquedoteca","status":"publish","type":"page","link":"https:\/\/oncovitta.com.br\/index.php\/brinquedoteca\/","title":{"rendered":"Brinquedoteca"},"content":{"rendered":"\t\t<div data-elementor-type=\"wp-page\" data-elementor-id=\"465\" class=\"elementor elementor-465\" data-elementor-post-type=\"page\">\n\t\t\t\t<div class=\"elementor-element elementor-element-027c6b5 e-flex e-con-boxed wpr-particle-no wpr-jarallax-no wpr-parallax-no wpr-sticky-section-no e-con e-parent\" data-id=\"027c6b5\" data-element_type=\"container\" data-settings=\"{&quot;background_background&quot;:&quot;classic&quot;}\">\n\t\t\t\t\t<div class=\"e-con-inner\">\n\t\t\t\t<div class=\"elementor-element elementor-element-71c5738 elementor-widget elementor-widget-heading\" data-id=\"71c5738\" data-element_type=\"widget\" data-widget_type=\"heading.default\">\n\t\t\t\t<div class=\"elementor-widget-container\">\n\t\t\t\t\t<h2 class=\"elementor-heading-title elementor-size-default\">Brinquedoteca<\/h2>\t\t\t\t<\/div>\n\t\t\t\t<\/div>\n\t\t\t\t\t<\/div>\n\t\t\t\t<\/div>\n\t\t<div class=\"elementor-element elementor-element-b90e227 e-flex e-con-boxed wpr-particle-no wpr-jarallax-no wpr-parallax-no wpr-sticky-section-no e-con e-parent\" data-id=\"b90e227\" data-element_type=\"container\">\n\t\t\t\t\t<div class=\"e-con-inner\">\n\t\t<div class=\"elementor-element elementor-element-311e8cf e-con-full e-flex wpr-particle-no wpr-jarallax-no wpr-parallax-no wpr-sticky-section-no elementor-invisible e-con e-parent\" data-id=\"311e8cf\" data-element_type=\"container\" data-settings=\"{&quot;animation&quot;:&quot;fadeInLeft&quot;}\">\n\t\t\t\t<div class=\"elementor-element elementor-element-8714446 elementor-widget elementor-widget-text-editor\" data-id=\"8714446\" data-element_type=\"widget\" data-widget_type=\"text-editor.default\">\n\t\t\t\t<div class=\"elementor-widget-container\">\n\t\t\t\t\t\t\t\t\t<p>Na OncoVitta, estamos sempre pensando no bem-estar e no sorriso de nossos pequenos guerreiros! Por isso, temos o orgulho de contar com a brinquedoteca, um espa\u00e7o cheio de magia e divers\u00e3o especialmente dedicado aos nossos pacientes pedi\u00e1tricos.<\/p><p>A brinquedoteca \u00e9 um lugar onde as crian\u00e7as podem ser crian\u00e7as, mesmo em meio ao tratamento. Com uma variedade de jogos, brinquedos e atividades l\u00fadicas, proporcionamos momentos de alegria, distra\u00e7\u00e3o e aprendizado, contribuindo para um ambiente acolhedor e positivo.<\/p><p>Al\u00e9m de proporcionar divers\u00e3o, a brinquedoteca desempenha um papel fundamental no desenvolvimento emocional e social das crian\u00e7as. Ela estimula a criatividade, a imagina\u00e7\u00e3o e auxilia na express\u00e3o de sentimentos, promovendo momentos de intera\u00e7\u00e3o entre os pequenos e seus familiares.<\/p><p>Acreditamos que o cuidado vai al\u00e9m do tratamento m\u00e9dico, e \u00e9 por isso que investimos na cria\u00e7\u00e3o desse espa\u00e7o dedicado aos nossos pacientes mirins. Sabemos que cada risada, cada brincadeira e cada abra\u00e7o s\u00e3o medicamentos poderosos que contribuem para o bem-estar e o sucesso do tratamento.<\/p>\t\t\t\t\t\t\t\t<\/div>\n\t\t\t\t<\/div>\n\t\t\t\t<\/div>\n\t\t\t\t<div class=\"elementor-element elementor-element-cc59b68 elementor-widget__width-initial elementor-widget-mobile__width-initial elementor-widget elementor-widget-image\" data-id=\"cc59b68\" data-element_type=\"widget\" data-widget_type=\"image.default\">\n\t\t\t\t<div class=\"elementor-widget-container\">\n\t\t\t\t\t\t\t\t\t\t\t\t\t\t\t<img fetchpriority=\"high\" decoding=\"async\" width=\"547\" height=\"371\" src=\"https:\/\/oncovitta.com.br\/wp-content\/uploads\/2023\/07\/1-2.webp\" class=\"attachment-full size-full wp-image-471\" alt=\"\" srcset=\"https:\/\/oncovitta.com.br\/wp-content\/uploads\/2023\/07\/1-2.webp 547w, https:\/\/oncovitta.com.br\/wp-content\/uploads\/2023\/07\/1-2-300x203.webp 300w\" sizes=\"(max-width: 547px) 100vw, 547px\" \/>\t\t\t\t\t\t\t\t\t\t\t\t\t\t\t<\/div>\n\t\t\t\t<\/div>\n\t\t\t\t\t<\/div>\n\t\t\t\t<\/div>\n\t\t\t\t<\/div>\n\t\t","protected":false},"excerpt":{"rendered":"<p>Brinquedoteca Na OncoVitta, estamos sempre pensando no bem-estar e no sorriso de nossos pequenos guerreiros! Por isso, temos o orgulho de contar com a brinquedoteca, um espa\u00e7o cheio de magia e divers\u00e3o especialmente dedicado aos nossos pacientes pedi\u00e1tricos. A brinquedoteca \u00e9 um lugar onde as crian\u00e7as podem ser crian\u00e7as, mesmo em meio ao tratamento. Com uma variedade de jogos, brinquedos e atividades l\u00fadicas, proporcionamos momentos de alegria, distra\u00e7\u00e3o e aprendizado, contribuindo para um ambiente acolhedor e positivo. Al\u00e9m de proporcionar divers\u00e3o, a brinquedoteca desempenha um papel fundamental no desenvolvimento emocional e social das crian\u00e7as. Ela estimula a criatividade, a imagina\u00e7\u00e3o e auxilia na express\u00e3o de sentimentos, promovendo momentos de intera\u00e7\u00e3o entre os pequenos e seus familiares. Acreditamos que o cuidado vai al\u00e9m do tratamento m\u00e9dico, e \u00e9 por isso que investimos na cria\u00e7\u00e3o desse espa\u00e7o dedicado aos nossos pacientes mirins. Sabemos que cada risada, cada brincadeira e cada abra\u00e7o s\u00e3o medicamentos poderosos que contribuem para o bem-estar e o sucesso do tratamento.<\/p>\n","protected":false},"author":1,"featured_media":0,"parent":0,"menu_order":0,"comment_status":"closed","ping_status":"closed","template":"","meta":{"footnotes":""},"yoast_head":"<!-- This site is optimized with the Yoast SEO plugin v24.4 - https:\/\/yoast.com\/wordpress\/plugins\/seo\/ -->\n<title>Brinquedoteca - Oncovitta<\/title>\n<meta name=\"robots\" content=\"index, follow, max-snippet:-1, max-image-preview:large, max-video-preview:-1\" \/>\n<link rel=\"canonical\" href=\"https:\/\/www.oncovitta.com.br\/index.php\/brinquedoteca\/\" \/>\n<meta property=\"og:locale\" content=\"pt_BR\" \/>\n<meta property=\"og:type\" content=\"article\" \/>\n<meta property=\"og:title\" content=\"Brinquedoteca - Oncovitta\" \/>\n<meta property=\"og:description\" content=\"Brinquedoteca Na OncoVitta, estamos sempre pensando no bem-estar e no sorriso de nossos pequenos guerreiros! Por isso, temos o orgulho de contar com a brinquedoteca, um espa\u00e7o cheio de magia e divers\u00e3o especialmente dedicado aos nossos pacientes pedi\u00e1tricos. A brinquedoteca \u00e9 um lugar onde as crian\u00e7as podem ser crian\u00e7as, mesmo em meio ao tratamento. Com uma variedade de jogos, brinquedos e atividades l\u00fadicas, proporcionamos momentos de alegria, distra\u00e7\u00e3o e aprendizado, contribuindo para um ambiente acolhedor e positivo. Al\u00e9m de proporcionar divers\u00e3o, a brinquedoteca desempenha um papel fundamental no desenvolvimento emocional e social das crian\u00e7as. Ela estimula a criatividade, a imagina\u00e7\u00e3o e auxilia na express\u00e3o de sentimentos, promovendo momentos de intera\u00e7\u00e3o entre os pequenos e seus familiares. Acreditamos que o cuidado vai al\u00e9m do tratamento m\u00e9dico, e \u00e9 por isso que investimos na cria\u00e7\u00e3o desse espa\u00e7o dedicado aos nossos pacientes mirins. Sabemos que cada risada, cada brincadeira e cada abra\u00e7o s\u00e3o medicamentos poderosos que contribuem para o bem-estar e o sucesso do tratamento.\" \/>\n<meta property=\"og:url\" content=\"https:\/\/www.oncovitta.com.br\/index.php\/brinquedoteca\/\" \/>\n<meta property=\"og:site_name\" content=\"Oncovitta\" \/>\n<meta property=\"article:modified_time\" content=\"2023-07-25T12:05:13+00:00\" \/>\n<meta name=\"twitter:card\" content=\"summary_large_image\" \/>\n<meta name=\"twitter:label1\" content=\"Est. tempo de leitura\" \/>\n\t<meta name=\"twitter:data1\" content=\"1 minuto\" \/>\n<script type=\"application\/ld+json\" class=\"yoast-schema-graph\">{\"@context\":\"https:\/\/schema.org\",\"@graph\":[{\"@type\":\"WebPage\",\"@id\":\"https:\/\/www.oncovitta.com.br\/index.php\/brinquedoteca\/\",\"url\":\"https:\/\/www.oncovitta.com.br\/index.php\/brinquedoteca\/\",\"name\":\"Brinquedoteca - Oncovitta\",\"isPartOf\":{\"@id\":\"https:\/\/www.oncovitta.com.br\/#website\"},\"datePublished\":\"2023-07-25T11:17:41+00:00\",\"dateModified\":\"2023-07-25T12:05:13+00:00\",\"breadcrumb\":{\"@id\":\"https:\/\/www.oncovitta.com.br\/index.php\/brinquedoteca\/#breadcrumb\"},\"inLanguage\":\"pt-BR\",\"potentialAction\":[{\"@type\":\"ReadAction\",\"target\":[\"https:\/\/www.oncovitta.com.br\/index.php\/brinquedoteca\/\"]}]},{\"@type\":\"BreadcrumbList\",\"@id\":\"https:\/\/www.oncovitta.com.br\/index.php\/brinquedoteca\/#breadcrumb\",\"itemListElement\":[{\"@type\":\"ListItem\",\"position\":1,\"name\":\"In\u00edcio\",\"item\":\"https:\/\/www.oncovitta.com.br\/\"},{\"@type\":\"ListItem\",\"position\":2,\"name\":\"Brinquedoteca\"}]},{\"@type\":\"WebSite\",\"@id\":\"https:\/\/www.oncovitta.com.br\/#website\",\"url\":\"https:\/\/www.oncovitta.com.br\/\",\"name\":\"Oncovitta\",\"description\":\"\",\"potentialAction\":[{\"@type\":\"SearchAction\",\"target\":{\"@type\":\"EntryPoint\",\"urlTemplate\":\"https:\/\/www.oncovitta.com.br\/?s={search_term_string}\"},\"query-input\":{\"@type\":\"PropertyValueSpecification\",\"valueRequired\":true,\"valueName\":\"search_term_string\"}}],\"inLanguage\":\"pt-BR\"}]}<\/script>\n<!-- \/ Yoast SEO plugin. -->","yoast_head_json":{"title":"Brinquedoteca - Oncovitta","robots":{"index":"index","follow":"follow","max-snippet":"max-snippet:-1","max-image-preview":"max-image-preview:large","max-video-preview":"max-video-preview:-1"},"canonical":"https:\/\/www.oncovitta.com.br\/index.php\/brinquedoteca\/","og_locale":"pt_BR","og_type":"article","og_title":"Brinquedoteca - Oncovitta","og_description":"Brinquedoteca Na OncoVitta, estamos sempre pensando no bem-estar e no sorriso de nossos pequenos guerreiros! Por isso, temos o orgulho de contar com a brinquedoteca, um espa\u00e7o cheio de magia e divers\u00e3o especialmente dedicado aos nossos pacientes pedi\u00e1tricos. A brinquedoteca \u00e9 um lugar onde as crian\u00e7as podem ser crian\u00e7as, mesmo em meio ao tratamento. Com uma variedade de jogos, brinquedos e atividades l\u00fadicas, proporcionamos momentos de alegria, distra\u00e7\u00e3o e aprendizado, contribuindo para um ambiente acolhedor e positivo. Al\u00e9m de proporcionar divers\u00e3o, a brinquedoteca desempenha um papel fundamental no desenvolvimento emocional e social das crian\u00e7as. Ela estimula a criatividade, a imagina\u00e7\u00e3o e auxilia na express\u00e3o de sentimentos, promovendo momentos de intera\u00e7\u00e3o entre os pequenos e seus familiares. Acreditamos que o cuidado vai al\u00e9m do tratamento m\u00e9dico, e \u00e9 por isso que investimos na cria\u00e7\u00e3o desse espa\u00e7o dedicado aos nossos pacientes mirins. Sabemos que cada risada, cada brincadeira e cada abra\u00e7o s\u00e3o medicamentos poderosos que contribuem para o bem-estar e o sucesso do tratamento.","og_url":"https:\/\/www.oncovitta.com.br\/index.php\/brinquedoteca\/","og_site_name":"Oncovitta","article_modified_time":"2023-07-25T12:05:13+00:00","twitter_card":"summary_large_image","twitter_misc":{"Est. tempo de leitura":"1 minuto"},"schema":{"@context":"https:\/\/schema.org","@graph":[{"@type":"WebPage","@id":"https:\/\/www.oncovitta.com.br\/index.php\/brinquedoteca\/","url":"https:\/\/www.oncovitta.com.br\/index.php\/brinquedoteca\/","name":"Brinquedoteca - Oncovitta","isPartOf":{"@id":"https:\/\/www.oncovitta.com.br\/#website"},"datePublished":"2023-07-25T11:17:41+00:00","dateModified":"2023-07-25T12:05:13+00:00","breadcrumb":{"@id":"https:\/\/www.oncovitta.com.br\/index.php\/brinquedoteca\/#breadcrumb"},"inLanguage":"pt-BR","potentialAction":[{"@type":"ReadAction","target":["https:\/\/www.oncovitta.com.br\/index.php\/brinquedoteca\/"]}]},{"@type":"BreadcrumbList","@id":"https:\/\/www.oncovitta.com.br\/index.php\/brinquedoteca\/#breadcrumb","itemListElement":[{"@type":"ListItem","position":1,"name":"In\u00edcio","item":"https:\/\/www.oncovitta.com.br\/"},{"@type":"ListItem","position":2,"name":"Brinquedoteca"}]},{"@type":"WebSite","@id":"https:\/\/www.oncovitta.com.br\/#website","url":"https:\/\/www.oncovitta.com.br\/","name":"Oncovitta","description":"","potentialAction":[{"@type":"SearchAction","target":{"@type":"EntryPoint","urlTemplate":"https:\/\/www.oncovitta.com.br\/?s={search_term_string}"},"query-input":{"@type":"PropertyValueSpecification","valueRequired":true,"valueName":"search_term_string"}}],"inLanguage":"pt-BR"}]}},"_links":{"self":[{"href":"https:\/\/oncovitta.com.br\/index.php\/wp-json\/wp\/v2\/pages\/465"}],"collection":[{"href":"https:\/\/oncovitta.com.br\/index.php\/wp-json\/wp\/v2\/pages"}],"about":[{"href":"https:\/\/oncovitta.com.br\/index.php\/wp-json\/wp\/v2\/types\/page"}],"author":[{"embeddable":true,"href":"https:\/\/oncovitta.com.br\/index.php\/wp-json\/wp\/v2\/users\/1"}],"replies":[{"embeddable":true,"href":"https:\/\/oncovitta.com.br\/index.php\/wp-json\/wp\/v2\/comments?post=465"}],"version-history":[{"count":13,"href":"https:\/\/oncovitta.com.br\/index.php\/wp-json\/wp\/v2\/pages\/465\/revisions"}],"predecessor-version":[{"id":481,"href":"https:\/\/oncovitta.com.br\/index.php\/wp-json\/wp\/v2\/pages\/465\/revisions\/481"}],"wp:attachment":[{"href":"https:\/\/oncovitta.com.br\/index.php\/wp-json\/wp\/v2\/media?parent=465"}],"curies":[{"name":"wp","href":"https:\/\/api.w.org\/{rel}","templated":true}]}}