{"id":53,"date":"2023-07-18T13:26:14","date_gmt":"2023-07-18T13:26:14","guid":{"rendered":"https:\/?page_id=53"},"modified":"2023-07-31T21:22:12","modified_gmt":"2023-07-31T21:22:12","slug":"sobre","status":"publish","type":"page","link":"https:\/\/oncovitta.com.br\/index.php\/sobre\/","title":{"rendered":"Sobre"},"content":{"rendered":"\t\t<div data-elementor-type=\"wp-page\" data-elementor-id=\"53\" class=\"elementor elementor-53\" data-elementor-post-type=\"page\">\n\t\t\t\t<div class=\"elementor-element elementor-element-509fc79 e-flex e-con-boxed wpr-particle-no wpr-jarallax-no wpr-parallax-no wpr-sticky-section-no wpr-equal-height-no e-con e-parent\" data-id=\"509fc79\" data-element_type=\"container\" data-settings=\"{&quot;background_background&quot;:&quot;classic&quot;}\">\n\t\t\t\t\t<div class=\"e-con-inner\">\n\t\t\t\t\t<\/div>\n\t\t\t\t<\/div>\n\t\t<div class=\"elementor-element elementor-element-4c287c2 e-flex e-con-boxed wpr-particle-no wpr-jarallax-no wpr-parallax-no wpr-sticky-section-no wpr-equal-height-no e-con e-parent\" data-id=\"4c287c2\" data-element_type=\"container\">\n\t\t\t\t\t<div class=\"e-con-inner\">\n\t\t<div class=\"elementor-element elementor-element-ddcf120 e-con-full e-flex wpr-particle-no wpr-jarallax-no wpr-parallax-no wpr-sticky-section-no wpr-equal-height-no elementor-invisible e-con e-child\" data-id=\"ddcf120\" data-element_type=\"container\" data-settings=\"{&quot;animation&quot;:&quot;fadeInLeft&quot;}\">\n\t\t\t\t<div class=\"elementor-element elementor-element-0982685 elementor-widget elementor-widget-heading\" data-id=\"0982685\" data-element_type=\"widget\" data-widget_type=\"heading.default\">\n\t\t\t\t<div class=\"elementor-widget-container\">\n\t\t\t\t\t<h2 class=\"elementor-heading-title elementor-size-default\">A<span style=\"color: #6EC1E4\"> Onco<\/span> Vitta<\/h2>\t\t\t\t<\/div>\n\t\t\t\t<\/div>\n\t\t\t\t<div class=\"elementor-element elementor-element-acdc539 elementor-widget elementor-widget-text-editor\" data-id=\"acdc539\" data-element_type=\"widget\" data-widget_type=\"text-editor.default\">\n\t\t\t\t<div class=\"elementor-widget-container\">\n\t\t\t\t\t\t\t\t\t<p>A OncoVitta \u00e9 uma institui\u00e7\u00e3o m\u00e9dica que tem como princ\u00edpio o atendimento humanizado, acolhimento e o tratamento individualizado. Nosso compromisso \u00e9 oferecer aos pacientes e seus familiares um ambiente seguro, confort\u00e1vel e respeitoso. Al\u00e9m disso, contamos com uma equipe multidisciplinar altamente capacitada e especializada.\u00a0 Atendimento \u00e0 disposi\u00e7\u00e3o 24 horas, seguran\u00e7a em tempo integral durante todas as etapas da jornada do paciente.<\/p>\t\t\t\t\t\t\t\t<\/div>\n\t\t\t\t<\/div>\n\t\t\t\t<\/div>\n\t\t\t\t<div class=\"elementor-element elementor-element-45c5012 elementor-arrows-position-outside elementor-widget__width-initial elementor-widget-mobile__width-initial elementor-pagination-position-outside elementor-invisible elementor-widget elementor-widget-image-carousel\" data-id=\"45c5012\" data-element_type=\"widget\" data-settings=\"{&quot;slides_to_show&quot;:&quot;1&quot;,&quot;_animation&quot;:&quot;fadeInRight&quot;,&quot;navigation&quot;:&quot;both&quot;,&quot;autoplay&quot;:&quot;yes&quot;,&quot;pause_on_hover&quot;:&quot;yes&quot;,&quot;pause_on_interaction&quot;:&quot;yes&quot;,&quot;autoplay_speed&quot;:5000,&quot;infinite&quot;:&quot;yes&quot;,&quot;effect&quot;:&quot;slide&quot;,&quot;speed&quot;:500}\" data-widget_type=\"image-carousel.default\">\n\t\t\t\t<div class=\"elementor-widget-container\">\n\t\t\t\t\t\t\t<div class=\"elementor-image-carousel-wrapper swiper\" role=\"region\" aria-roledescription=\"carousel\" aria-label=\"Carrossel de imagens\" dir=\"ltr\">\n\t\t\t<div class=\"elementor-image-carousel swiper-wrapper\" aria-live=\"off\">\n\t\t\t\t\t\t\t\t<div class=\"swiper-slide\" role=\"group\" aria-roledescription=\"slide\" aria-label=\"1 de 5\"><figure class=\"swiper-slide-inner\"><img decoding=\"async\" class=\"swiper-slide-image\" src=\"https:\/\/oncovitta.com.br\/wp-content\/uploads\/2023\/07\/equipe8.webp\" alt=\"equipe8\" \/><\/figure><\/div><div class=\"swiper-slide\" role=\"group\" aria-roledescription=\"slide\" aria-label=\"2 de 5\"><figure class=\"swiper-slide-inner\"><img decoding=\"async\" class=\"swiper-slide-image\" src=\"https:\/\/oncovitta.com.br\/wp-content\/uploads\/2023\/07\/equipe9.webp\" alt=\"equipe9\" \/><\/figure><\/div><div class=\"swiper-slide\" role=\"group\" aria-roledescription=\"slide\" aria-label=\"3 de 5\"><figure class=\"swiper-slide-inner\"><img decoding=\"async\" class=\"swiper-slide-image\" src=\"https:\/\/oncovitta.com.br\/wp-content\/uploads\/2023\/07\/equipe4.webp\" alt=\"equipe4\" \/><\/figure><\/div><div class=\"swiper-slide\" role=\"group\" aria-roledescription=\"slide\" aria-label=\"4 de 5\"><figure class=\"swiper-slide-inner\"><img decoding=\"async\" class=\"swiper-slide-image\" src=\"https:\/\/oncovitta.com.br\/wp-content\/uploads\/2023\/07\/equipe5.webp\" alt=\"equipe5\" \/><\/figure><\/div><div class=\"swiper-slide\" role=\"group\" aria-roledescription=\"slide\" aria-label=\"5 de 5\"><figure class=\"swiper-slide-inner\"><img decoding=\"async\" class=\"swiper-slide-image\" src=\"https:\/\/oncovitta.com.br\/wp-content\/uploads\/2023\/07\/equipe7.webp\" alt=\"equipe7\" \/><\/figure><\/div>\t\t\t<\/div>\n\t\t\t\t\t\t\t\t\t\t\t\t<div class=\"elementor-swiper-button elementor-swiper-button-prev\" role=\"button\" tabindex=\"0\">\n\t\t\t\t\t\t<i aria-hidden=\"true\" class=\"eicon-chevron-left\"><\/i>\t\t\t\t\t<\/div>\n\t\t\t\t\t<div class=\"elementor-swiper-button elementor-swiper-button-next\" role=\"button\" tabindex=\"0\">\n\t\t\t\t\t\t<i aria-hidden=\"true\" class=\"eicon-chevron-right\"><\/i>\t\t\t\t\t<\/div>\n\t\t\t\t\n\t\t\t\t\t\t\t\t\t<div class=\"swiper-pagination\"><\/div>\n\t\t\t\t\t\t\t\t\t<\/div>\n\t\t\t\t\t\t<\/div>\n\t\t\t\t<\/div>\n\t\t\t\t\t<\/div>\n\t\t\t\t<\/div>\n\t\t\t\t<\/div>\n\t\t","protected":false},"excerpt":{"rendered":"<p>A Onco Vitta A OncoVitta \u00e9 uma institui\u00e7\u00e3o m\u00e9dica que tem como princ\u00edpio o atendimento humanizado, acolhimento e o tratamento individualizado. Nosso compromisso \u00e9 oferecer aos pacientes e seus familiares um ambiente seguro, confort\u00e1vel e respeitoso. Al\u00e9m disso, contamos com uma equipe multidisciplinar altamente capacitada e especializada.\u00a0 Atendimento \u00e0 disposi\u00e7\u00e3o 24 horas, seguran\u00e7a em tempo integral durante todas as etapas da jornada do paciente.<\/p>\n","protected":false},"author":1,"featured_media":0,"parent":0,"menu_order":0,"comment_status":"closed","ping_status":"closed","template":"","meta":{"footnotes":""},"yoast_head":"<!-- This site is optimized with the Yoast SEO plugin v24.4 - https:\/\/yoast.com\/wordpress\/plugins\/seo\/ -->\n<title>Sobre - Oncovitta<\/title>\n<meta name=\"robots\" content=\"index, follow, max-snippet:-1, max-image-preview:large, max-video-preview:-1\" \/>\n<link rel=\"canonical\" href=\"https:\/\/www.oncovitta.com.br\/index.php\/sobre\/\" \/>\n<meta property=\"og:locale\" content=\"pt_BR\" \/>\n<meta property=\"og:type\" content=\"article\" \/>\n<meta property=\"og:title\" content=\"Sobre - Oncovitta\" \/>\n<meta property=\"og:description\" content=\"A Onco Vitta A OncoVitta \u00e9 uma institui\u00e7\u00e3o m\u00e9dica que tem como princ\u00edpio o atendimento humanizado, acolhimento e o tratamento individualizado. Nosso compromisso \u00e9 oferecer aos pacientes e seus familiares um ambiente seguro, confort\u00e1vel e respeitoso. Al\u00e9m disso, contamos com uma equipe multidisciplinar altamente capacitada e especializada.\u00a0 Atendimento \u00e0 disposi\u00e7\u00e3o 24 horas, seguran\u00e7a em tempo integral durante todas as etapas da jornada do paciente.\" \/>\n<meta property=\"og:url\" content=\"https:\/\/www.oncovitta.com.br\/index.php\/sobre\/\" \/>\n<meta property=\"og:site_name\" content=\"Oncovitta\" \/>\n<meta property=\"article:modified_time\" content=\"2023-07-31T21:22:12+00:00\" \/>\n<meta name=\"twitter:card\" content=\"summary_large_image\" \/>\n<script type=\"application\/ld+json\" class=\"yoast-schema-graph\">{\"@context\":\"https:\/\/schema.org\",\"@graph\":[{\"@type\":\"WebPage\",\"@id\":\"https:\/\/www.oncovitta.com.br\/index.php\/sobre\/\",\"url\":\"https:\/\/www.oncovitta.com.br\/index.php\/sobre\/\",\"name\":\"Sobre - Oncovitta\",\"isPartOf\":{\"@id\":\"https:\/\/www.oncovitta.com.br\/#website\"},\"datePublished\":\"2023-07-18T13:26:14+00:00\",\"dateModified\":\"2023-07-31T21:22:12+00:00\",\"breadcrumb\":{\"@id\":\"https:\/\/www.oncovitta.com.br\/index.php\/sobre\/#breadcrumb\"},\"inLanguage\":\"pt-BR\",\"potentialAction\":[{\"@type\":\"ReadAction\",\"target\":[\"https:\/\/www.oncovitta.com.br\/index.php\/sobre\/\"]}]},{\"@type\":\"BreadcrumbList\",\"@id\":\"https:\/\/www.oncovitta.com.br\/index.php\/sobre\/#breadcrumb\",\"itemListElement\":[{\"@type\":\"ListItem\",\"position\":1,\"name\":\"In\u00edcio\",\"item\":\"https:\/\/www.oncovitta.com.br\/\"},{\"@type\":\"ListItem\",\"position\":2,\"name\":\"Sobre\"}]},{\"@type\":\"WebSite\",\"@id\":\"https:\/\/www.oncovitta.com.br\/#website\",\"url\":\"https:\/\/www.oncovitta.com.br\/\",\"name\":\"Oncovitta\",\"description\":\"\",\"potentialAction\":[{\"@type\":\"SearchAction\",\"target\":{\"@type\":\"EntryPoint\",\"urlTemplate\":\"https:\/\/www.oncovitta.com.br\/?s={search_term_string}\"},\"query-input\":{\"@type\":\"PropertyValueSpecification\",\"valueRequired\":true,\"valueName\":\"search_term_string\"}}],\"inLanguage\":\"pt-BR\"}]}<\/script>\n<!-- \/ Yoast SEO plugin. -->","yoast_head_json":{"title":"Sobre - Oncovitta","robots":{"index":"index","follow":"follow","max-snippet":"max-snippet:-1","max-image-preview":"max-image-preview:large","max-video-preview":"max-video-preview:-1"},"canonical":"https:\/\/www.oncovitta.com.br\/index.php\/sobre\/","og_locale":"pt_BR","og_type":"article","og_title":"Sobre - Oncovitta","og_description":"A Onco Vitta A OncoVitta \u00e9 uma institui\u00e7\u00e3o m\u00e9dica que tem como princ\u00edpio o atendimento humanizado, acolhimento e o tratamento individualizado. Nosso compromisso \u00e9 oferecer aos pacientes e seus familiares um ambiente seguro, confort\u00e1vel e respeitoso. Al\u00e9m disso, contamos com uma equipe multidisciplinar altamente capacitada e especializada.\u00a0 Atendimento \u00e0 disposi\u00e7\u00e3o 24 horas, seguran\u00e7a em tempo integral durante todas as etapas da jornada do paciente.","og_url":"https:\/\/www.oncovitta.com.br\/index.php\/sobre\/","og_site_name":"Oncovitta","article_modified_time":"2023-07-31T21:22:12+00:00","twitter_card":"summary_large_image","schema":{"@context":"https:\/\/schema.org","@graph":[{"@type":"WebPage","@id":"https:\/\/www.oncovitta.com.br\/index.php\/sobre\/","url":"https:\/\/www.oncovitta.com.br\/index.php\/sobre\/","name":"Sobre - Oncovitta","isPartOf":{"@id":"https:\/\/www.oncovitta.com.br\/#website"},"datePublished":"2023-07-18T13:26:14+00:00","dateModified":"2023-07-31T21:22:12+00:00","breadcrumb":{"@id":"https:\/\/www.oncovitta.com.br\/index.php\/sobre\/#breadcrumb"},"inLanguage":"pt-BR","potentialAction":[{"@type":"ReadAction","target":["https:\/\/www.oncovitta.com.br\/index.php\/sobre\/"]}]},{"@type":"BreadcrumbList","@id":"https:\/\/www.oncovitta.com.br\/index.php\/sobre\/#breadcrumb","itemListElement":[{"@type":"ListItem","position":1,"name":"In\u00edcio","item":"https:\/\/www.oncovitta.com.br\/"},{"@type":"ListItem","position":2,"name":"Sobre"}]},{"@type":"WebSite","@id":"https:\/\/www.oncovitta.com.br\/#website","url":"https:\/\/www.oncovitta.com.br\/","name":"Oncovitta","description":"","potentialAction":[{"@type":"SearchAction","target":{"@type":"EntryPoint","urlTemplate":"https:\/\/www.oncovitta.com.br\/?s={search_term_string}"},"query-input":{"@type":"PropertyValueSpecification","valueRequired":true,"valueName":"search_term_string"}}],"inLanguage":"pt-BR"}]}},"_links":{"self":[{"href":"https:\/\/oncovitta.com.br\/index.php\/wp-json\/wp\/v2\/pages\/53"}],"collection":[{"href":"https:\/\/oncovitta.com.br\/index.php\/wp-json\/wp\/v2\/pages"}],"about":[{"href":"https:\/\/oncovitta.com.br\/index.php\/wp-json\/wp\/v2\/types\/page"}],"author":[{"embeddable":true,"href":"https:\/\/oncovitta.com.br\/index.php\/wp-json\/wp\/v2\/users\/1"}],"replies":[{"embeddable":true,"href":"https:\/\/oncovitta.com.br\/index.php\/wp-json\/wp\/v2\/comments?post=53"}],"version-history":[{"count":28,"href":"https:\/\/oncovitta.com.br\/index.php\/wp-json\/wp\/v2\/pages\/53\/revisions"}],"predecessor-version":[{"id":540,"href":"https:\/\/oncovitta.com.br\/index.php\/wp-json\/wp\/v2\/pages\/53\/revisions\/540"}],"wp:attachment":[{"href":"https:\/\/oncovitta.com.br\/index.php\/wp-json\/wp\/v2\/media?parent=53"}],"curies":[{"name":"wp","href":"https:\/\/api.w.org\/{rel}","templated":true}]}}